{"id":1206,"date":"2023-06-16T12:43:34","date_gmt":"2023-06-16T12:43:34","guid":{"rendered":"https:\/\/fluentpath.ro\/?page_id=1206"},"modified":"2023-06-16T12:50:53","modified_gmt":"2023-06-16T12:50:53","slug":"politica-de-confidentialitate","status":"publish","type":"page","link":"https:\/\/fluentpath.ro\/de\/politica-de-confidentialitate\/","title":{"rendered":"Datenschutz-Bestimmungen"},"content":{"rendered":"<div data-elementor-type=\"wp-page\" data-elementor-id=\"1206\" class=\"elementor elementor-1206\" data-elementor-post-type=\"page\">\n\t\t\t\t\t\t<section class=\"elementor-section elementor-top-section elementor-element elementor-element-633ec8b elementor-section-boxed elementor-section-height-default elementor-section-height-default\" data-id=\"633ec8b\" data-element_type=\"section\">\n\t\t\t\t\t\t<div class=\"elementor-container elementor-column-gap-default\">\n\t\t\t\t\t<div class=\"elementor-column elementor-col-100 elementor-top-column elementor-element elementor-element-3401e50\" data-id=\"3401e50\" data-element_type=\"column\">\n\t\t\t<div class=\"elementor-widget-wrap elementor-element-populated\">\n\t\t\t\t\t\t<div class=\"elementor-element elementor-element-112c23e elementor-widget elementor-widget-heading\" data-id=\"112c23e\" data-element_type=\"widget\" data-widget_type=\"heading.default\">\n\t\t\t\t<div class=\"elementor-widget-container\">\n\t\t\t<h2 class=\"elementor-heading-title elementor-size-default\">Datenschutz-Bestimmungen<\/h2>\t\t<\/div>\n\t\t\t\t<\/div>\n\t\t\t\t\t<\/div>\n\t\t<\/div>\n\t\t\t\t\t<\/div>\n\t\t<\/section>\n\t\t\t\t<section class=\"elementor-section elementor-top-section elementor-element elementor-element-4cc4e0a elementor-section-boxed elementor-section-height-default elementor-section-height-default\" data-id=\"4cc4e0a\" data-element_type=\"section\">\n\t\t\t\t\t\t<div class=\"elementor-container elementor-column-gap-default\">\n\t\t\t\t\t<div class=\"elementor-column elementor-col-100 elementor-top-column elementor-element elementor-element-9696e90\" data-id=\"9696e90\" data-element_type=\"column\">\n\t\t\t<div class=\"elementor-widget-wrap elementor-element-populated\">\n\t\t\t\t\t\t<div class=\"elementor-element elementor-element-3622120 elementor-widget elementor-widget-html\" data-id=\"3622120\" data-element_type=\"widget\" data-widget_type=\"html.default\">\n\t\t\t\t<div class=\"elementor-widget-container\">\n\t\t\t<p><br><span>Ultima actualizare la 16-jun-2023<\/span>\r\n<br><span>Data intr\u0103rii \u00een vigoare 16-jun-2023<\/span>\r\n<br>\r\n<\/p>\r\n<p class=\"privacy-policy-p\">\r\n    Aceast\u0103 politic\u0103 de confiden\u021bialitate descrie politicile de\r\n\r\n     FLUENT PATH SRL,\r\n     Sat Valea Adanca Com. Miroslava, Str. Principala, Nr.68j, Parter, Camera 2, Ap.1 Valea Adanca Judet: Iasi,\r\n     Iasi, Romania\r\n     707317,\r\n     Rom\u00e2nia,\r\n     e-mail: noreply@fluentpath.ro,\r\n     telefon: +420727976566\r\n\r\n     pe colec\u021bie,\r\n     utilizarea \u0219i dezv\u0103luirea informa\u021biilor dvs. pe care le colect\u0103m\r\n     atunci c\u00e2nd utiliza\u021bi site-ul nostru (fluentpath.ro).\r\n     (serviciul\"). Prin accesarea sau utilizarea\r\n     cel\r\n     Serviciul, sunte\u021bi de acord cu colectarea, utilizarea \u0219i\r\n     dezv\u0103luirea informa\u021biilor dumneavoastr\u0103 \u00een conformitate cu aceasta\r\n     Politica de confiden\u021bialitate. Dac\u0103 nu sunte\u021bi de acord cu acela\u0219i lucru,\r\n     v\u0103 rug\u0103m s\u0103 nu accesa\u021bi sau utiliza\u021bi Serviciul.\r\n<\/p>\r\n\r\n<p class=\"privacy-policy-p\">\r\n   Putem modifica aceast\u0103 Politic\u0103 de confiden\u021bialitate \u00een orice moment f\u0103r\u0103\r\n     orice notificare prealabil\u0103 pentru dvs. \u0219i va posta cea revizuit\u0103\r\n     Politica de confiden\u021bialitate a serviciului. Politica revizuit\u0103 va\r\n     intra \u00een vigoare la 180 de zile de la momentul \u00een care\r\n     Politica revizuit\u0103 este postat\u0103 \u00een Serviciu \u0219i dvs\r\n     accesul sau utilizarea continu\u0103 a Serviciului dup\u0103 acest timp\r\n     va constitui acceptarea dumneavoastr\u0103 a confiden\u021bialit\u0103\u021bii revizuite\r\n     Politic\u0103. Prin urmare, v\u0103 recomand\u0103m s\u0103 face\u021bi periodic\r\n     revizuie\u0219te aceast\u0103 pagin\u0103.\r\n<\/p>\r\n\r\n<ol class=\"privacy-policy-ol\">\r\n        <li>\r\n        <h2 class=\"privacy-policy-h2\">\r\n           Informa\u021bii pe care le colect\u0103m:\r\n        <\/h2>\r\n\r\n        \r\n        <p class=\"privacy-policy-p\">\r\n           Vom colecta \u0219i procesa urm\u0103toarele\r\n             informatii personale despre tine:\r\n        <\/p>\r\n        <ol class=\"privacy-policy-ol\">\r\n\r\n                        <li>Name<\/li>\r\n            \r\n                        <li>Email<\/li>\r\n            \r\n                        <li>Telefon<\/li>\r\n            \r\n            \r\n            \r\n            \r\n            \r\n                        \r\n                                    \r\n        <\/ol>\r\n        \r\n\r\n        \r\n\r\n    <\/li>\r\n\r\n    \r\n    \r\n\r\n        <li>\r\n        <h2 class=\"privacy-policy-h2\">\r\n            Cum folosim informa\u021biile dvs.:\r\n        <\/h2>\r\n        <p class=\"privacy-policy-p\">\r\n            Vom folosi informa\u021biile pe care le colect\u0103m\r\n             despre dvs. \u00een urm\u0103toarele scopuri:\r\n        <\/p>\r\n        <ol class=\"privacy-policy-ol\">\r\n\r\n                        <li>Marketing\/Promo\u021bional<\/li>\r\n            \r\n            \r\n                         <li>M\u0103rturii<\/li>\r\n            \r\n                         <li>Colectarea feedback-ului clien\u021bilor<\/li>\r\n            \r\n                         <li>Aplica\u021bi T&C<\/li>\r\n            \r\n            \r\n                         <li>Asisten\u021b\u0103<\/li>\r\n            \r\n                         <li>Informa\u021bii de administrare<\/li>\r\n            \r\n                         <li>Publicitate direc\u021bionat\u0103<\/li>\r\n            \r\n            \r\n                         <li>Protec\u021bia site-ului<\/li>\r\n            \r\n            \r\n                         <li>Rezolvarea litigiilor<\/li>\r\n            \r\n                         <li>Gestiona\u021bi contul de utilizator<\/li>\r\n            \r\n        <\/ol>\r\n        <br>\r\n        <p class=\"privacy-policy-p\">\r\nDac\u0103 dorim s\u0103 folosim informa\u021biile dvs. pentru orice altceva\r\n             scop, v\u0103 vom cere acordul \u0219i voin\u021ba\r\n             utiliza\u021bi informa\u021biile dvs. numai la primirea dvs\r\n             consim\u021b\u0103m\u00e2nt \u0219i apoi, numai \u00een scopul (scopurile) pentru\r\n             care acord\u0103 consim\u021b\u0103m\u00e2nt, cu excep\u021bia cazului \u00een care ni se cere\r\n             altfel prin lege.\r\n        <\/p>\r\n    <\/li>\r\n    \r\n    \r\n    <li>\r\n        <h2 class=\"privacy-policy-h2\">\r\n            Cum v\u0103 \u00eemp\u0103rt\u0103\u0219im informa\u021biile:\r\n        <\/h2>\r\n\r\n\r\n                <p class=\"privacy-policy-p\">\r\n            Nu v\u0103 vom transfera informa\u021biile personale\r\n             oric\u0103rei ter\u021be p\u0103r\u021bi f\u0103r\u0103 a solicita consim\u021b\u0103m\u00e2ntul dvs.,\r\n             cu excep\u021bia circumstan\u021belor limitate descrise\r\n             de mai jos:\r\n        <\/p>\r\n        <ol class=\"privacy-policy-ol\">\r\n                        <li>Serviciul publicitar<\/li>\r\n            \r\n            \r\n                         <li>Agen\u021bii de marketing<\/li>\r\n            \r\n            \r\n                         <li>Analitice<\/li>\r\n            \r\n            \r\n                         <li>Colectarea \u0219i procesarea datelor<\/li>\r\n                    <\/ol>\r\n        \r\n        <p class=\"privacy-policy-p\">\r\n            Solicit\u0103m acestor ter\u021bi s\u0103 foloseasc\u0103\r\n             informa\u021biile personale pe care le transfer\u0103m numai acestora\r\n             \u00een scopul pentru care a fost transferat \u015fi\r\n             s\u0103 nu-l re\u0163in\u0103 mai mult dec\u00e2t este necesar pentru\r\n             \u00eendeplinirea scopului men\u021bionat.\r\n        <\/p>\r\n        <p class=\"privacy-policy-p\">\r\n            De asemenea, putem dezv\u0103lui informa\u021biile dumneavoastr\u0103 personale\r\n             pentru urm\u0103toarele: (1) s\u0103 se conformeze cu aplicabile\r\n             lege, regulament, ordin judec\u0103toresc sau alte legi\r\n             proces; (2) pentru a v\u0103 pune \u00een aplicare acordurile cu noi,\r\n             inclusiv aceast\u0103 Politic\u0103 de confiden\u021bialitate; sau (3) s\u0103 r\u0103spund\u0103\r\n             la preten\u021bii c\u0103 utilizarea de c\u0103tre dvs. a Serviciului \u00eencalc\u0103\r\n             orice drepturi ale ter\u021bilor. Dac\u0103 Serviciul sau nostru\r\n             societatea este fuzionata sau achizitionata cu alta\r\n             companie, informa\u021biile dvs. vor fi una dintre\r\n             bunuri care sunt transferate noului proprietar.\r\n        <\/p>\r\n    <\/li>\r\n    \r\n\r\n        <li>\r\n        <h2 class=\"privacy-policy-h2\">\r\n            P\u0103strarea informa\u021biilor dvs.:\r\n        <\/h2>\r\n        <p class=\"privacy-policy-p\">\r\n            Vom p\u0103stra informa\u021biile dumneavoastr\u0103 personale cu noi\r\n             pentru\r\n                         90 de zile p\u00e2n\u0103 la 2 ani dup\u0103 ce utilizatorii \u00ee\u0219i \u00eenchide conturile\r\n                         sau pentru ca\r\n             at\u00e2ta timp c\u00e2t avem nevoie de el pentru a \u00eendeplini scopurile pentru\r\n             pe care a fost adunat conform detaliat \u00een aceasta\r\n             Politica de confiden\u021bialitate. S-ar putea s\u0103 fie nevoie s\u0103 p\u0103str\u0103m anumite\r\n             informa\u021bii pentru perioade mai lungi precum\r\n             eviden\u021ba\/raportarea \u00een conformitate cu\r\n             legea aplicabil\u0103 sau din alte motive legitime\r\n             precum aplicarea drepturilor legale, frauda\r\n             prevenire etc. Informa\u021bii anonime reziduale\r\n             \u0219i informa\u021bii agregate, niciuna dintre acestea\r\n             te identific\u0103 (direct sau indirect), poate fi\r\n             stocate pe termen nelimitat.\r\n        <\/p>\r\n    <\/li>\r\n    \r\n    <li>\r\n        <h2 class=\"privacy-policy-h2\">\r\n            Drepturile tale:\r\n        <\/h2>\r\n        <p class=\"privacy-policy-p\">\r\n            \u00cen func\u021bie de legea care se aplic\u0103, este posibil s\u0103 ave\u021bi\r\n             un drept de acces \u0219i rectificare sau \u0219tergere\r\n             datele personale sau primi\u021bi o copie a datelor dvs. personale\r\n             date, restric\u021biona\u021bi sau obiecta\u021bi la activ\r\n             prelucrarea datelor dvs., cere\u021bi-ne s\u0103 distribuim (port)\r\n             informa\u021biile dumneavoastr\u0103 personale c\u0103tre o alt\u0103 entitate,\r\n             retrage\u021bi orice consim\u021b\u0103m\u00e2nt pe care ni l-a\u021bi dat\r\n             prelucreaz\u0103 datele dumneavoastr\u0103, dreptul de a depune o pl\u00e2ngere\r\n             cu o autoritate statutar\u0103 \u0219i alte drepturi\r\n             dup\u0103 cum poate fi relevant \u00een conformitate cu legile aplicabile. La\r\n             exercita aceste drepturi, ne puteti scrie la adresa\r\n             hello@fluentpath.ro.\r\n             V\u0103 vom r\u0103spunde\r\n             cerere \u00een conformitate cu legisla\u021bia \u00een vigoare.\r\n        <\/p>\r\n\r\n                <p class=\"privacy-policy-p\">\r\n            Pute\u021bi renun\u021ba la marketingul direct\r\n             comunic\u0103ri sau profilarea pe care o realiz\u0103m\r\n             \u00een scopuri de marketing scriindu-ne la adresa\r\n             hello@fluentpath.ro.\r\n        <\/p>\r\n        \r\n        <p class=\"privacy-policy-p\">\r\n            Re\u021bine\u021bi c\u0103, dac\u0103 nu ne permite\u021bi s\u0103 colect\u0103m\r\n             sau proceseaz\u0103 informa\u021biile personale solicitate sau\r\n             retrage consim\u021b\u0103m\u00e2ntul de a procesa acela\u0219i pentru\r\n             scopurile necesare, este posibil s\u0103 nu pute\u021bi accesa\r\n             sau utiliza\u021bi serviciile pentru care informa\u021biile dvs\r\n             a fost c\u0103utat.\r\n        <\/p>\r\n    <\/li>\r\n        <li>\r\n        <h2 class=\"privacy-policy-h2\">\r\n            Cookies Etc.\r\n        <\/h2>\r\n        <p class=\"privacy-policy-p\">\r\n\r\n            \r\n            Pentru a afla mai multe despre cum le folosim\r\n             \u0219i alegerile dvs. \u00een leg\u0103tur\u0103 cu aceste urm\u0103riri\r\n             tehnologii, v\u0103 rug\u0103m s\u0103 consulta\u021bi\r\n             <a href=\"https:\/\/fluentpath.ro\/de\/politica-cookie\/\">Politica de cookie-uri.<\/a>\r\n        <\/p>\r\n    <\/li>\r\n    \r\n    <li>\r\n        <h2 class=\"privacy-policy-h2\">\r\n            Securitate:\r\n        <\/h2>\r\n        <p class=\"privacy-policy-p\">\r\n            Securitatea informa\u021biilor dvs. este important\u0103 pentru\r\n             noi \u0219i vom folosi m\u0103suri de securitate rezonabile\r\n             pentru a preveni pierderea, utilizarea gre\u0219it\u0103 sau neautorizat\u0103\r\n             modificarea informa\u021biilor dumneavoastr\u0103 conform noastre\r\n             Control. Cu toate acestea, av\u00e2nd \u00een vedere riscurile inerente, noi\r\n             nu poate garanta securitatea absolut\u0103 \u0219i\r\n             \u00een consecin\u021b\u0103, nu putem asigura sau garanta\r\n             securitatea oric\u0103ror informa\u021bii pe care ni le transmite\u021bi\r\n             \u0219i o faci pe propriul t\u0103u risc.\r\n        <\/p>\r\n    <\/li>\r\n\r\n        <li>\r\n        <h2 class=\"privacy-policy-h2\">\r\n            Link-uri ter\u021b\u0103 parte \u0219i utilizarea informa\u021biilor dvs.:\r\n        <\/h2>\r\n        <p class=\"privacy-policy-p\">\r\n            Serviciul nostru poate con\u021bine link-uri c\u0103tre alte site-uri web\r\n             care nu sunt operate de noi. Aceast\u0103 politic\u0103 de confiden\u021bialitate\r\n             nu abordeaz\u0103 politica de confiden\u021bialitate \u0219i altele\r\n             practicile oric\u0103ror ter\u021bi, inclusiv oricare\r\n             ter\u021b\u0103 parte care opereaz\u0103 orice site web sau serviciu\r\n             care poate fi accesibil printr-un link de pe\r\n             Serviciu. V\u0103 sf\u0103tuim insistent s\u0103 revizui\u021bi\r\n             politica de confiden\u021bialitate a fiec\u0103rui site pe care \u00eel vizita\u021bi. Avem\r\n             nici un control asupra \u0219i nu \u00ee\u0219i asum\u0103 nicio responsabilitate pentru\r\n             con\u021binutul, politicile de confiden\u021bialitate sau practicile\r\n             orice site-uri sau servicii ter\u021be.\r\n        <\/p>\r\n    <\/li>\r\n    \r\n    <li>\r\n        <h2 class=\"privacy-policy-h2\">\r\n            Reclama\u021bii \/ Responsabil cu protec\u021bia datelor:\r\n        <\/h2>\r\n        <p class=\"privacy-policy-p\">\r\n           Dac\u0103 ave\u021bi \u00eentreb\u0103ri sau nel\u0103muriri cu privire la\r\n             prelucrarea informa\u021biilor dvs. disponibile\r\n             cu noi, pute\u021bi trimite un e-mail ofi\u021berului nostru de reclama\u021bii la\r\n             FLUENT PATH SRL,\r\n             hello@fluentpath.ro,\r\n             email: hello@fluentpath.ro.\r\n             Vom aborda preocup\u0103rile dumneavoastr\u0103 \u00een conformitate cu legisla\u021bia \u00een vigoare.\r\n        <\/p>\r\n    <\/li>\r\n<\/ol>\t\t<\/div>\n\t\t\t\t<\/div>\n\t\t\t\t\t<\/div>\n\t\t<\/div>\n\t\t\t\t\t<\/div>\n\t\t<\/section>\n\t\t\t\t<\/div>","protected":false},"excerpt":{"rendered":"<p>Politica de confiden\u021bialitate Ultima actualizare la 16-jun-2023 Data intr\u0103rii \u00een vigoare 16-jun-2023 Aceast\u0103 politic\u0103 de confiden\u021bialitate descrie politicile de FLUENT PATH SRL, Sat Valea Adanca Com. Miroslava, Str. Principala, Nr.68j, Parter, Camera 2, Ap.1 Valea Adanca Judet: Iasi, Iasi, Romania 707317, Rom\u00e2nia, e-mail: noreply@fluentpath.ro, telefon: +420727976566 pe colec\u021bie, utilizarea \u0219i dezv\u0103luirea informa\u021biilor dvs. pe care [&hellip;]<\/p>","protected":false},"author":1,"featured_media":0,"parent":0,"menu_order":0,"comment_status":"closed","ping_status":"open","template":"elementor_header_footer","meta":{"footnotes":""},"class_list":["post-1206","page","type-page","status-publish","hentry"],"_links":{"self":[{"href":"https:\/\/fluentpath.ro\/de\/wp-json\/wp\/v2\/pages\/1206","targetHints":{"allow":["GET"]}}],"collection":[{"href":"https:\/\/fluentpath.ro\/de\/wp-json\/wp\/v2\/pages"}],"about":[{"href":"https:\/\/fluentpath.ro\/de\/wp-json\/wp\/v2\/types\/page"}],"author":[{"embeddable":true,"href":"https:\/\/fluentpath.ro\/de\/wp-json\/wp\/v2\/users\/1"}],"replies":[{"embeddable":true,"href":"https:\/\/fluentpath.ro\/de\/wp-json\/wp\/v2\/comments?post=1206"}],"version-history":[{"count":7,"href":"https:\/\/fluentpath.ro\/de\/wp-json\/wp\/v2\/pages\/1206\/revisions"}],"predecessor-version":[{"id":1213,"href":"https:\/\/fluentpath.ro\/de\/wp-json\/wp\/v2\/pages\/1206\/revisions\/1213"}],"wp:attachment":[{"href":"https:\/\/fluentpath.ro\/de\/wp-json\/wp\/v2\/media?parent=1206"}],"curies":[{"name":"wp","href":"https:\/\/api.w.org\/{rel}","templated":true}]}}